{"id":137,"date":"2014-08-30T22:45:46","date_gmt":"2014-08-30T20:45:46","guid":{"rendered":"http:\/\/www.berlin-factory.com\/wordpress\/?page_id=137"},"modified":"2020-02-05T18:16:48","modified_gmt":"2020-02-05T16:16:48","slug":"vitae","status":"publish","type":"page","link":"https:\/\/www.berlin-factory.com\/?page_id=137","title":{"rendered":"Vitae"},"content":{"rendered":"\t\t<div data-elementor-type=\"wp-post\" data-elementor-id=\"137\" class=\"elementor elementor-137\">\n\t\t\t\t\t\t<section class=\"elementor-section elementor-top-section elementor-element elementor-element-1095ad1f elementor-section-boxed elementor-section-height-default elementor-section-height-default\" data-id=\"1095ad1f\" data-element_type=\"section\">\n\t\t\t\t\t\t<div class=\"elementor-container elementor-column-gap-default\">\n\t\t\t\t\t<div class=\"elementor-column elementor-col-100 elementor-top-column elementor-element elementor-element-58d76405\" data-id=\"58d76405\" data-element_type=\"column\">\n\t\t\t<div class=\"elementor-widget-wrap elementor-element-populated\">\n\t\t\t\t\t\t<div class=\"elementor-element elementor-element-6d67d4b7 elementor-widget elementor-widget-text-editor\" data-id=\"6d67d4b7\" data-element_type=\"widget\" data-widget_type=\"text-editor.default\">\n\t\t\t\t<div class=\"elementor-widget-container\">\n\t\t\t\t\t\t\t\t\t<h4><strong>Hans H. Wiens<\/strong><\/h4>\n<ul>\n<li>Dipl. Ing. Nachrichtentechnik FH Osnabr\u00fcck<\/li>\n<li>2 erwachsene T\u00f6chter<\/li>\n<li>27 Jahre Erfahrung als Senior Manager im IT-Service Management<\/li>\n<li>DQS Auditor<\/li>\n<li>Dipl. Pers\u00f6nlichkeitstrainer (PF)<\/li>\n<li>Mitglied des AFNB\u00a0(Akademie f\u00fcr neurowissenschaftliches Bildungsmanagement)<\/li>\n<li>LeaderShape Partner Germany<\/li>\n<\/ul>\n<h4><b>Arbeitsschwerpunkte<\/b><\/h4>\n<ul>\n<li>Management von gro\u00dfen, verteilten Organisationen mit bis zu 720 Mitarbeitern<\/li>\n<li>Gesch\u00e4ftsverantwortung f\u00fcr IT-Service Projekte (Gesamtvolumen ca. 300 Mio. EUR)<\/li>\n<li>Verantwortlich f\u00fcr die Umsetzung von Change Programmen und Restrukturierungen\u00a0gro\u00dfer Organisationen<\/li>\n<li>Entwicklung von F\u00fchrungskr\u00e4ften, Projektmanager und Senior Consultants<\/li>\n<\/ul>\n<h4><b>Ihr Benefit<\/b><\/h4>\n<ul>\n<li>Ma\u00dfgeschneiderte Bed\u00fcrfnisanalyse Ihres\u00a0Unternehmens und der Mitarbeiter<\/li>\n<li>Wertorientierte F\u00fchrungskompetenz und Motivation<\/li>\n<li>Kreative L\u00f6sungsans\u00e4tze und Innovationen durch die Ansprache beider Gehirnh\u00e4ften<\/li>\n<li>Ausweitung von Schl\u00fcsselkompetenzen<\/li>\n<li>Kontakt zu einem umfangreichen Netzwerk von qualifizierten Beratern in Deutschland und der Schweiz<\/li>\n<\/ul>\n<h4><b>Meine Qualit\u00e4ten kommen am besten zum Ausdruck, wenn<\/b><\/h4>\n<ul>\n<li>tats\u00e4chlicher Ver\u00e4nderungsbedarf besteht.<\/li>\n<li>ein ehrliches Vertrauensverh\u00e4ltnis aufgebaut wird.<\/li>\n<li>ein offener Umgang miteinander m\u00f6glich ist.<\/li>\n<li>menschliche Werte ein Teil der Firmen-Ethik\u00a0sind.<\/li>\n<li>der Ver\u00e4nderungsprozess vom Management mitgetragen wird.<\/li>\n<\/ul>\n<p><\/p>\n<p><\/p>\t\t\t\t\t\t\t\t<\/div>\n\t\t\t\t<\/div>\n\t\t\t\t\t<\/div>\n\t\t<\/div>\n\t\t\t\t\t<\/div>\n\t\t<\/section>\n\t\t\t\t<\/div>\n\t\t","protected":false},"excerpt":{"rendered":"<p>Hans H. Wiens Dipl. Ing. Nachrichtentechnik FH Osnabr\u00fcck 2 erwachsene T\u00f6chter 27 Jahre Erfahrung als Senior Manager im IT-Service Management DQS Auditor Dipl. Pers\u00f6nlichkeitstrainer (PF) Mitglied des AFNB\u00a0(Akademie f\u00fcr neurowissenschaftliches Bildungsmanagement) LeaderShape Partner Germany Arbeitsschwerpunkte Management von gro\u00dfen, verteilten Organisationen mit bis zu 720 Mitarbeitern Gesch\u00e4ftsverantwortung f\u00fcr IT-Service Projekte (Gesamtvolumen ca. 300 Mio. EUR) Verantwortlich [&hellip;]<\/p>\n","protected":false},"author":1,"featured_media":0,"parent":0,"menu_order":0,"comment_status":"closed","ping_status":"closed","template":"","meta":{"ocean_post_layout":"","ocean_both_sidebars_style":"","ocean_both_sidebars_content_width":0,"ocean_both_sidebars_sidebars_width":0,"ocean_sidebar":"","ocean_second_sidebar":"","ocean_disable_margins":"enable","ocean_add_body_class":"","ocean_shortcode_before_top_bar":"","ocean_shortcode_after_top_bar":"","ocean_shortcode_before_header":"","ocean_shortcode_after_header":"","ocean_has_shortcode":"","ocean_shortcode_after_title":"","ocean_shortcode_before_footer_widgets":"","ocean_shortcode_after_footer_widgets":"","ocean_shortcode_before_footer_bottom":"","ocean_shortcode_after_footer_bottom":"","ocean_display_top_bar":"default","ocean_display_header":"default","ocean_header_style":"","ocean_center_header_left_menu":"","ocean_custom_header_template":"","ocean_custom_logo":0,"ocean_custom_retina_logo":0,"ocean_custom_logo_max_width":0,"ocean_custom_logo_tablet_max_width":0,"ocean_custom_logo_mobile_max_width":0,"ocean_custom_logo_max_height":0,"ocean_custom_logo_tablet_max_height":0,"ocean_custom_logo_mobile_max_height":0,"ocean_header_custom_menu":"","ocean_menu_typo_font_family":"","ocean_menu_typo_font_subset":"","ocean_menu_typo_font_size":0,"ocean_menu_typo_font_size_tablet":0,"ocean_menu_typo_font_size_mobile":0,"ocean_menu_typo_font_size_unit":"px","ocean_menu_typo_font_weight":"","ocean_menu_typo_font_weight_tablet":"","ocean_menu_typo_font_weight_mobile":"","ocean_menu_typo_transform":"","ocean_menu_typo_transform_tablet":"","ocean_menu_typo_transform_mobile":"","ocean_menu_typo_line_height":0,"ocean_menu_typo_line_height_tablet":0,"ocean_menu_typo_line_height_mobile":0,"ocean_menu_typo_line_height_unit":"","ocean_menu_typo_spacing":0,"ocean_menu_typo_spacing_tablet":0,"ocean_menu_typo_spacing_mobile":0,"ocean_menu_typo_spacing_unit":"","ocean_menu_link_color":"","ocean_menu_link_color_hover":"","ocean_menu_link_color_active":"","ocean_menu_link_background":"","ocean_menu_link_hover_background":"","ocean_menu_link_active_background":"","ocean_menu_social_links_bg":"","ocean_menu_social_hover_links_bg":"","ocean_menu_social_links_color":"","ocean_menu_social_hover_links_color":"","ocean_disable_title":"default","ocean_disable_heading":"default","ocean_post_title":"","ocean_post_subheading":"","ocean_post_title_style":"","ocean_post_title_background_color":"","ocean_post_title_background":0,"ocean_post_title_bg_image_position":"","ocean_post_title_bg_image_attachment":"","ocean_post_title_bg_image_repeat":"","ocean_post_title_bg_image_size":"","ocean_post_title_height":0,"ocean_post_title_bg_overlay":0.5,"ocean_post_title_bg_overlay_color":"","ocean_disable_breadcrumbs":"default","ocean_breadcrumbs_color":"","ocean_breadcrumbs_separator_color":"","ocean_breadcrumbs_links_color":"","ocean_breadcrumbs_links_hover_color":"","ocean_display_footer_widgets":"default","ocean_display_footer_bottom":"default","ocean_custom_footer_template":"","ofc_meta_disable_footer_callout":"","ofc_meta_callout_button_url":"","ofc_meta_callout_button_txt":"","ofc_meta_callout_text":"","ofc_enable_fullscreen":"disable","ofc_fullscreen_speed":0,"ofc_fullscreen_nav":"enable","ofc_fullscreen_nav_pos":"right","ofc_fullscreen_nav_color":"","ofc_fullscreen_nav_tooltip_color":"","ofc_fullscreen_responsive":0,"osp_disable_panel":"default","osh_disable_topbar_sticky":"default","osh_disable_header_sticky":"default","osh_sticky_header_style":"default","osh_sticky_header_effect":"","osh_custom_sticky_logo":0,"osh_custom_retina_sticky_logo":0,"osh_custom_sticky_logo_height":0,"osh_background_color":"","osh_links_color":"","osh_links_hover_color":"","osh_links_active_color":"","osh_links_bg_color":"","osh_links_hover_bg_color":"","osh_links_active_bg_color":"","osh_menu_social_links_color":"","osh_menu_social_hover_links_color":"","footnotes":""},"class_list":["post-137","page","type-page","status-publish","hentry","entry"],"_links":{"self":[{"href":"https:\/\/www.berlin-factory.com\/index.php?rest_route=\/wp\/v2\/pages\/137","targetHints":{"allow":["GET"]}}],"collection":[{"href":"https:\/\/www.berlin-factory.com\/index.php?rest_route=\/wp\/v2\/pages"}],"about":[{"href":"https:\/\/www.berlin-factory.com\/index.php?rest_route=\/wp\/v2\/types\/page"}],"author":[{"embeddable":true,"href":"https:\/\/www.berlin-factory.com\/index.php?rest_route=\/wp\/v2\/users\/1"}],"replies":[{"embeddable":true,"href":"https:\/\/www.berlin-factory.com\/index.php?rest_route=%2Fwp%2Fv2%2Fcomments&post=137"}],"version-history":[{"count":42,"href":"https:\/\/www.berlin-factory.com\/index.php?rest_route=\/wp\/v2\/pages\/137\/revisions"}],"predecessor-version":[{"id":1133,"href":"https:\/\/www.berlin-factory.com\/index.php?rest_route=\/wp\/v2\/pages\/137\/revisions\/1133"}],"wp:attachment":[{"href":"https:\/\/www.berlin-factory.com\/index.php?rest_route=%2Fwp%2Fv2%2Fmedia&parent=137"}],"curies":[{"name":"wp","href":"https:\/\/api.w.org\/{rel}","templated":true}]}}