{"id":343,"date":"2015-02-26T18:49:05","date_gmt":"2015-02-26T16:49:05","guid":{"rendered":"http:\/\/www.berlin-factory.com\/wordpress\/?page_id=343"},"modified":"2020-02-06T17:27:21","modified_gmt":"2020-02-06T15:27:21","slug":"interim-manager","status":"publish","type":"page","link":"https:\/\/www.berlin-factory.com\/?page_id=343","title":{"rendered":"Interim Manager"},"content":{"rendered":"\t\t<div data-elementor-type=\"wp-post\" data-elementor-id=\"343\" class=\"elementor elementor-343\">\n\t\t\t\t\t\t<section class=\"elementor-section elementor-top-section elementor-element elementor-element-5f1f4c05 elementor-section-boxed elementor-section-height-default elementor-section-height-default\" data-id=\"5f1f4c05\" data-element_type=\"section\">\n\t\t\t\t\t\t<div class=\"elementor-container elementor-column-gap-default\">\n\t\t\t\t\t<div class=\"elementor-column elementor-col-100 elementor-top-column elementor-element elementor-element-19ab7d4e\" data-id=\"19ab7d4e\" data-element_type=\"column\">\n\t\t\t<div class=\"elementor-widget-wrap elementor-element-populated\">\n\t\t\t\t\t\t<div class=\"elementor-element elementor-element-3fd3705 elementor-widget elementor-widget-heading\" data-id=\"3fd3705\" data-element_type=\"widget\" data-widget_type=\"heading.default\">\n\t\t\t\t<div class=\"elementor-widget-container\">\n\t\t\t\t\t<h2 class=\"elementor-heading-title elementor-size-default\">Meine Erfahrung - Ihr Nutzen.<\/h2>\t\t\t\t<\/div>\n\t\t\t\t<\/div>\n\t\t\t\t<div class=\"elementor-element elementor-element-064a2a7 elementor-widget elementor-widget-image\" data-id=\"064a2a7\" data-element_type=\"widget\" data-widget_type=\"image.default\">\n\t\t\t\t<div class=\"elementor-widget-container\">\n\t\t\t\t\t\t\t\t\t\t\t\t\t\t\t<img fetchpriority=\"high\" decoding=\"async\" width=\"1280\" height=\"851\" src=\"https:\/\/www.berlin-factory.com\/wp-content\/uploads\/2020\/02\/Leuchtturm.jpeg\" class=\"attachment-1536x1536 size-1536x1536 wp-image-1587\" alt=\"Leuchtturm Sylt\" srcset=\"https:\/\/www.berlin-factory.com\/wp-content\/uploads\/2020\/02\/Leuchtturm.jpeg 1280w, https:\/\/www.berlin-factory.com\/wp-content\/uploads\/2020\/02\/Leuchtturm-300x199.jpeg 300w, https:\/\/www.berlin-factory.com\/wp-content\/uploads\/2020\/02\/Leuchtturm-1024x681.jpeg 1024w, https:\/\/www.berlin-factory.com\/wp-content\/uploads\/2020\/02\/Leuchtturm-768x511.jpeg 768w\" sizes=\"(max-width: 1280px) 100vw, 1280px\" \/>\t\t\t\t\t\t\t\t\t\t\t\t\t\t\t<\/div>\n\t\t\t\t<\/div>\n\t\t\t\t<div class=\"elementor-element elementor-element-21661e3c elementor-widget elementor-widget-text-editor\" data-id=\"21661e3c\" data-element_type=\"widget\" data-widget_type=\"text-editor.default\">\n\t\t\t\t<div class=\"elementor-widget-container\">\n\t\t\t\t\t\t\t\t\t<p>Durch meine langj\u00e4hrige Erfahrung bin ich sehr gut in der Lage kurzfristig Projekte zu \u00fcbernehmen und erfolgreich abzuschlie\u00dfen.<\/p>\n<div class=\"page\" title=\"Page 2\">\n<div class=\"section\">\n<div class=\"layoutArea\">\n<div class=\"column\">\n<p>Meine Begeisterung besteht darin, Erfahrungen und Motivationen weiterzugeben. \u2028<\/p>\n<p>Damit die Mitarbeiter das WOZU verstehen!<\/p>\n<p>Es fasziniert mich, wenn Menschen Ihr Potential im Zusammenspiel zwischen Technik und Emotion nutzen, um beste L\u00f6sungen zu finden. \u2028<\/p>\n<p>Aus meiner pers\u00f6nlichen Laufbahn kenne ich Unternehmen verschiedenster Gr\u00f6\u00dfen und aus unterschiedlichen Industrien. In meiner Laufbahn habe ich \u00a0stets verschiedene Rollen wie Linie, Projekt, Programm und Beratung erfolgreich und mit Leidenschaft ausge\u00fcbt.<\/p>\n<\/div>\n<\/div>\n<\/div>\n<\/div>\n<p>Besonders bei Change Prozessen ist eine Begleitung au\u00dferhalb der Firmenumgebung von unsch\u00e4tzbarem Vorteil.<\/p>\n<p><a href=\"mailto:Berlin-Factory.com\">Sprechen Sie mich an&#8230;&#8230;<\/a><\/p>\n\n<p style=\"font-size: 18px;\">\u00a0<\/p>\n\t\t\t\t\t\t\t\t<\/div>\n\t\t\t\t<\/div>\n\t\t\t\t\t<\/div>\n\t\t<\/div>\n\t\t\t\t\t<\/div>\n\t\t<\/section>\n\t\t\t\t<\/div>\n\t\t","protected":false},"excerpt":{"rendered":"<p>Durch meine langj\u00e4hrige Erfahrung bin ich sehr gut in der Lage kurzfristig Projekte zu \u00fcbernehmen und erfolgreich abzuschlie\u00dfen.<\/p>\n<p>Besonders bei Change Prozessen ist eine Kompetenz au\u00dferhalb der Firma von unsch\u00e4tzbarem Vorteil<\/p>\n","protected":false},"author":1,"featured_media":0,"parent":0,"menu_order":0,"comment_status":"closed","ping_status":"open","template":"","meta":{"ocean_post_layout":"full-screen","ocean_both_sidebars_style":"","ocean_both_sidebars_content_width":0,"ocean_both_sidebars_sidebars_width":0,"ocean_sidebar":"0","ocean_second_sidebar":"0","ocean_disable_margins":"enable","ocean_add_body_class":"","ocean_shortcode_before_top_bar":"","ocean_shortcode_after_top_bar":"","ocean_shortcode_before_header":"","ocean_shortcode_after_header":"","ocean_has_shortcode":"","ocean_shortcode_after_title":"","ocean_shortcode_before_footer_widgets":"","ocean_shortcode_after_footer_widgets":"","ocean_shortcode_before_footer_bottom":"","ocean_shortcode_after_footer_bottom":"","ocean_display_top_bar":"default","ocean_display_header":"default","ocean_header_style":"","ocean_center_header_left_menu":"0","ocean_custom_header_template":"0","ocean_custom_logo":0,"ocean_custom_retina_logo":0,"ocean_custom_logo_max_width":0,"ocean_custom_logo_tablet_max_width":0,"ocean_custom_logo_mobile_max_width":0,"ocean_custom_logo_max_height":0,"ocean_custom_logo_tablet_max_height":0,"ocean_custom_logo_mobile_max_height":0,"ocean_header_custom_menu":"0","ocean_menu_typo_font_family":"0","ocean_menu_typo_font_subset":"","ocean_menu_typo_font_size":0,"ocean_menu_typo_font_size_tablet":0,"ocean_menu_typo_font_size_mobile":0,"ocean_menu_typo_font_size_unit":"px","ocean_menu_typo_font_weight":"","ocean_menu_typo_font_weight_tablet":"","ocean_menu_typo_font_weight_mobile":"","ocean_menu_typo_transform":"","ocean_menu_typo_transform_tablet":"","ocean_menu_typo_transform_mobile":"","ocean_menu_typo_line_height":0,"ocean_menu_typo_line_height_tablet":0,"ocean_menu_typo_line_height_mobile":0,"ocean_menu_typo_line_height_unit":"","ocean_menu_typo_spacing":0,"ocean_menu_typo_spacing_tablet":0,"ocean_menu_typo_spacing_mobile":0,"ocean_menu_typo_spacing_unit":"","ocean_menu_link_color":"","ocean_menu_link_color_hover":"","ocean_menu_link_color_active":"","ocean_menu_link_background":"","ocean_menu_link_hover_background":"","ocean_menu_link_active_background":"","ocean_menu_social_links_bg":"","ocean_menu_social_hover_links_bg":"","ocean_menu_social_links_color":"","ocean_menu_social_hover_links_color":"","ocean_disable_title":"default","ocean_disable_heading":"default","ocean_post_title":"","ocean_post_subheading":"","ocean_post_title_style":"","ocean_post_title_background_color":"","ocean_post_title_background":0,"ocean_post_title_bg_image_position":"","ocean_post_title_bg_image_attachment":"","ocean_post_title_bg_image_repeat":"","ocean_post_title_bg_image_size":"","ocean_post_title_height":0,"ocean_post_title_bg_overlay":0.5,"ocean_post_title_bg_overlay_color":"","ocean_disable_breadcrumbs":"default","ocean_breadcrumbs_color":"","ocean_breadcrumbs_separator_color":"","ocean_breadcrumbs_links_color":"","ocean_breadcrumbs_links_hover_color":"","ocean_display_footer_widgets":"default","ocean_display_footer_bottom":"default","ocean_custom_footer_template":"0","ofc_meta_disable_footer_callout":"","ofc_meta_callout_button_url":"","ofc_meta_callout_button_txt":"","ofc_meta_callout_text":"","ofc_enable_fullscreen":"disable","ofc_fullscreen_speed":0,"ofc_fullscreen_nav":"enable","ofc_fullscreen_nav_pos":"right","ofc_fullscreen_nav_color":"","ofc_fullscreen_nav_tooltip_color":"","ofc_fullscreen_responsive":0,"osp_disable_panel":"default","osh_disable_topbar_sticky":"default","osh_disable_header_sticky":"default","osh_sticky_header_style":"default","osh_sticky_header_effect":"","osh_custom_sticky_logo":0,"osh_custom_retina_sticky_logo":0,"osh_custom_sticky_logo_height":0,"osh_background_color":"","osh_links_color":"","osh_links_hover_color":"","osh_links_active_color":"","osh_links_bg_color":"","osh_links_hover_bg_color":"","osh_links_active_bg_color":"","osh_menu_social_links_color":"","osh_menu_social_hover_links_color":"","footnotes":""},"class_list":["post-343","page","type-page","status-publish","hentry","entry"],"_links":{"self":[{"href":"https:\/\/www.berlin-factory.com\/index.php?rest_route=\/wp\/v2\/pages\/343","targetHints":{"allow":["GET"]}}],"collection":[{"href":"https:\/\/www.berlin-factory.com\/index.php?rest_route=\/wp\/v2\/pages"}],"about":[{"href":"https:\/\/www.berlin-factory.com\/index.php?rest_route=\/wp\/v2\/types\/page"}],"author":[{"embeddable":true,"href":"https:\/\/www.berlin-factory.com\/index.php?rest_route=\/wp\/v2\/users\/1"}],"replies":[{"embeddable":true,"href":"https:\/\/www.berlin-factory.com\/index.php?rest_route=%2Fwp%2Fv2%2Fcomments&post=343"}],"version-history":[{"count":25,"href":"https:\/\/www.berlin-factory.com\/index.php?rest_route=\/wp\/v2\/pages\/343\/revisions"}],"predecessor-version":[{"id":1592,"href":"https:\/\/www.berlin-factory.com\/index.php?rest_route=\/wp\/v2\/pages\/343\/revisions\/1592"}],"wp:attachment":[{"href":"https:\/\/www.berlin-factory.com\/index.php?rest_route=%2Fwp%2Fv2%2Fmedia&parent=343"}],"curies":[{"name":"wp","href":"https:\/\/api.w.org\/{rel}","templated":true}]}}