{"id":353,"date":"2015-02-27T12:49:38","date_gmt":"2015-02-27T10:49:38","guid":{"rendered":"http:\/\/www.berlin-factory.com\/wordpress\/?page_id=353"},"modified":"2020-02-06T16:23:34","modified_gmt":"2020-02-06T14:23:34","slug":"berlin-factory","status":"publish","type":"page","link":"https:\/\/www.berlin-factory.com\/?page_id=353","title":{"rendered":"Berlin Factory"},"content":{"rendered":"\t\t<div data-elementor-type=\"wp-post\" data-elementor-id=\"353\" class=\"elementor elementor-353\">\n\t\t\t\t\t\t<section class=\"elementor-section elementor-top-section elementor-element elementor-element-3ed2551f elementor-section-boxed elementor-section-height-default elementor-section-height-default\" data-id=\"3ed2551f\" data-element_type=\"section\">\n\t\t\t\t\t\t<div class=\"elementor-container elementor-column-gap-default\">\n\t\t\t\t\t<div class=\"elementor-column elementor-col-100 elementor-top-column elementor-element elementor-element-6ca987ab\" data-id=\"6ca987ab\" data-element_type=\"column\">\n\t\t\t<div class=\"elementor-widget-wrap elementor-element-populated\">\n\t\t\t\t\t\t<div class=\"elementor-element elementor-element-b7a96a2 elementor-widget elementor-widget-image\" data-id=\"b7a96a2\" data-element_type=\"widget\" data-widget_type=\"image.default\">\n\t\t\t\t<div class=\"elementor-widget-container\">\n\t\t\t\t\t\t\t\t\t\t\t\t\t\t\t<img fetchpriority=\"high\" decoding=\"async\" width=\"822\" height=\"534\" src=\"https:\/\/www.berlin-factory.com\/wp-content\/uploads\/2019\/06\/seminare.jpeg\" class=\"attachment-large size-large wp-image-798\" alt=\"Magic happens\" srcset=\"https:\/\/www.berlin-factory.com\/wp-content\/uploads\/2019\/06\/seminare.jpeg 822w, https:\/\/www.berlin-factory.com\/wp-content\/uploads\/2019\/06\/seminare-300x195.jpeg 300w, https:\/\/www.berlin-factory.com\/wp-content\/uploads\/2019\/06\/seminare-768x499.jpeg 768w\" sizes=\"(max-width: 822px) 100vw, 822px\" \/>\t\t\t\t\t\t\t\t\t\t\t\t\t\t\t<\/div>\n\t\t\t\t<\/div>\n\t\t\t\t<div class=\"elementor-element elementor-element-28059cd2 elementor-widget elementor-widget-text-editor\" data-id=\"28059cd2\" data-element_type=\"widget\" data-widget_type=\"text-editor.default\">\n\t\t\t\t<div class=\"elementor-widget-container\">\n\t\t\t\t\t\t\t\t\t<p>Nach einer langen interessanten Zeit in der IT-Service Branche, 27 Jahre mit viel Verantwortung f\u00fcr Personal und Budget, habe ich mich entschlossen einen neuen Weg zu gehen.<\/p><p><span style=\"font-style: inherit;\">Meine Erfahrungen zu teilen und damit vielen Menschen zu helfen, das Leben im Beruf auch als Leben der Berufung zu sehen.<\/span><\/p><p><span style=\"font-style: inherit;\">Damit wird viel Potential frei gesetzt und pl\u00f6tzlich kommt wieder Lebensfreude auf. Burnout und Boreout wird vermieden.<\/span><\/p><p><span style=\"font-style: inherit;\">Gest\u00fctzt wird mein neuer Weg durch die Ausbildung als Pers\u00f6nlichkeitstrainer und meine aktive Mitgliedschaft in der AFNB, der Akademie f\u00fcr neurowissenschaftliches Bildungsmanagement.<\/span><\/p><p><span style=\"font-style: inherit;\">Der neurowissenschaftliche Ansatz gepaart mit den Werkzeugen und Seminaren der Berlin-Factory sind eine Bereicherung f\u00fcr Kopf und Herz.<\/span><\/p><p><span style=\"font-style: inherit;\">Auch wenn wir heute vieles noch nicht erkl\u00e4ren k\u00f6nnen, so k\u00f6nnen wir die Emotion doch erleben und die Wirkung sp\u00fcren.<\/span><\/p><p>Es wird pl\u00f6tzlich ganz klar und leicht. Probieren sie es aus&#8230;<\/p>\t\t\t\t\t\t\t\t<\/div>\n\t\t\t\t<\/div>\n\t\t\t\t\t<\/div>\n\t\t<\/div>\n\t\t\t\t\t<\/div>\n\t\t<\/section>\n\t\t\t\t<\/div>\n\t\t","protected":false},"excerpt":{"rendered":"<p>Nach einer langen interessanten Zeit in der IT-Service Branche, 27 Jahre mit viel Verantwortung f\u00fcr Personal und Budget, habe ich mich entschlossen einen neuen Weg zu gehen. Meine Erfahrungen zu teilen und damit vielen Menschen zu helfen, das Leben im Beruf auch als Leben der Berufung zu sehen. Damit wird viel Potential frei gesetzt und [&hellip;]<\/p>\n","protected":false},"author":1,"featured_media":0,"parent":1226,"menu_order":0,"comment_status":"closed","ping_status":"closed","template":"","meta":{"ocean_post_layout":"","ocean_both_sidebars_style":"","ocean_both_sidebars_content_width":0,"ocean_both_sidebars_sidebars_width":0,"ocean_sidebar":"0","ocean_second_sidebar":"0","ocean_disable_margins":"on","ocean_add_body_class":"","ocean_shortcode_before_top_bar":"","ocean_shortcode_after_top_bar":"","ocean_shortcode_before_header":"","ocean_shortcode_after_header":"","ocean_has_shortcode":"","ocean_shortcode_after_title":"","ocean_shortcode_before_footer_widgets":"","ocean_shortcode_after_footer_widgets":"","ocean_shortcode_before_footer_bottom":"","ocean_shortcode_after_footer_bottom":"","ocean_display_top_bar":"default","ocean_display_header":"default","ocean_header_style":"minimal","ocean_center_header_left_menu":"0","ocean_custom_header_template":"0","ocean_custom_logo":6,"ocean_custom_retina_logo":0,"ocean_custom_logo_max_width":0,"ocean_custom_logo_tablet_max_width":0,"ocean_custom_logo_mobile_max_width":0,"ocean_custom_logo_max_height":0,"ocean_custom_logo_tablet_max_height":0,"ocean_custom_logo_mobile_max_height":0,"ocean_header_custom_menu":"0","ocean_menu_typo_font_family":"0","ocean_menu_typo_font_subset":"","ocean_menu_typo_font_size":0,"ocean_menu_typo_font_size_tablet":0,"ocean_menu_typo_font_size_mobile":0,"ocean_menu_typo_font_size_unit":"px","ocean_menu_typo_font_weight":"","ocean_menu_typo_font_weight_tablet":"","ocean_menu_typo_font_weight_mobile":"","ocean_menu_typo_transform":"","ocean_menu_typo_transform_tablet":"","ocean_menu_typo_transform_mobile":"","ocean_menu_typo_line_height":0,"ocean_menu_typo_line_height_tablet":0,"ocean_menu_typo_line_height_mobile":0,"ocean_menu_typo_line_height_unit":"","ocean_menu_typo_spacing":0,"ocean_menu_typo_spacing_tablet":0,"ocean_menu_typo_spacing_mobile":0,"ocean_menu_typo_spacing_unit":"","ocean_menu_link_color":"#000000","ocean_menu_link_color_hover":"","ocean_menu_link_color_active":"","ocean_menu_link_background":"","ocean_menu_link_hover_background":"","ocean_menu_link_active_background":"","ocean_menu_social_links_bg":"","ocean_menu_social_hover_links_bg":"","ocean_menu_social_links_color":"","ocean_menu_social_hover_links_color":"","ocean_disable_title":"default","ocean_disable_heading":"default","ocean_post_title":"","ocean_post_subheading":"","ocean_post_title_style":"","ocean_post_title_background_color":"","ocean_post_title_background":0,"ocean_post_title_bg_image_position":"","ocean_post_title_bg_image_attachment":"","ocean_post_title_bg_image_repeat":"","ocean_post_title_bg_image_size":"","ocean_post_title_height":0,"ocean_post_title_bg_overlay":0.5,"ocean_post_title_bg_overlay_color":"","ocean_disable_breadcrumbs":"default","ocean_breadcrumbs_color":"","ocean_breadcrumbs_separator_color":"","ocean_breadcrumbs_links_color":"","ocean_breadcrumbs_links_hover_color":"","ocean_display_footer_widgets":"default","ocean_display_footer_bottom":"default","ocean_custom_footer_template":"0","ofc_meta_disable_footer_callout":"","ofc_meta_callout_button_url":"","ofc_meta_callout_button_txt":"","ofc_meta_callout_text":"","ofc_enable_fullscreen":"disable","ofc_fullscreen_speed":0,"ofc_fullscreen_nav":"enable","ofc_fullscreen_nav_pos":"right","ofc_fullscreen_nav_color":"","ofc_fullscreen_nav_tooltip_color":"","ofc_fullscreen_responsive":0,"osp_disable_panel":"default","osh_disable_topbar_sticky":"default","osh_disable_header_sticky":"default","osh_sticky_header_style":"default","osh_sticky_header_effect":"","osh_custom_sticky_logo":0,"osh_custom_retina_sticky_logo":0,"osh_custom_sticky_logo_height":0,"osh_background_color":"","osh_links_color":"","osh_links_hover_color":"","osh_links_active_color":"","osh_links_bg_color":"","osh_links_hover_bg_color":"","osh_links_active_bg_color":"","osh_menu_social_links_color":"","osh_menu_social_hover_links_color":"","footnotes":""},"class_list":["post-353","page","type-page","status-publish","hentry","entry"],"_links":{"self":[{"href":"https:\/\/www.berlin-factory.com\/index.php?rest_route=\/wp\/v2\/pages\/353","targetHints":{"allow":["GET"]}}],"collection":[{"href":"https:\/\/www.berlin-factory.com\/index.php?rest_route=\/wp\/v2\/pages"}],"about":[{"href":"https:\/\/www.berlin-factory.com\/index.php?rest_route=\/wp\/v2\/types\/page"}],"author":[{"embeddable":true,"href":"https:\/\/www.berlin-factory.com\/index.php?rest_route=\/wp\/v2\/users\/1"}],"replies":[{"embeddable":true,"href":"https:\/\/www.berlin-factory.com\/index.php?rest_route=%2Fwp%2Fv2%2Fcomments&post=353"}],"version-history":[{"count":35,"href":"https:\/\/www.berlin-factory.com\/index.php?rest_route=\/wp\/v2\/pages\/353\/revisions"}],"predecessor-version":[{"id":1586,"href":"https:\/\/www.berlin-factory.com\/index.php?rest_route=\/wp\/v2\/pages\/353\/revisions\/1586"}],"up":[{"embeddable":true,"href":"https:\/\/www.berlin-factory.com\/index.php?rest_route=\/wp\/v2\/pages\/1226"}],"wp:attachment":[{"href":"https:\/\/www.berlin-factory.com\/index.php?rest_route=%2Fwp%2Fv2%2Fmedia&parent=353"}],"curies":[{"name":"wp","href":"https:\/\/api.w.org\/{rel}","templated":true}]}}