{"id":375,"date":"2015-03-03T13:10:38","date_gmt":"2015-03-03T11:10:38","guid":{"rendered":"http:\/\/www.berlin-factory.com\/wordpress\/?page_id=375"},"modified":"2022-09-28T19:17:57","modified_gmt":"2022-09-28T17:17:57","slug":"partner","status":"publish","type":"page","link":"https:\/\/www.berlin-factory.com\/?page_id=375","title":{"rendered":"Partner"},"content":{"rendered":"\t\t<div data-elementor-type=\"wp-post\" data-elementor-id=\"375\" class=\"elementor elementor-375\">\n\t\t\t\t\t\t<section class=\"elementor-section elementor-top-section elementor-element elementor-element-176c23c elementor-section-boxed elementor-section-height-default elementor-section-height-default\" data-id=\"176c23c\" data-element_type=\"section\">\n\t\t\t\t\t\t<div class=\"elementor-container elementor-column-gap-default\">\n\t\t\t\t\t<div class=\"elementor-column elementor-col-100 elementor-top-column elementor-element elementor-element-f8963d2\" data-id=\"f8963d2\" data-element_type=\"column\">\n\t\t\t<div class=\"elementor-widget-wrap elementor-element-populated\">\n\t\t\t\t\t\t<div class=\"elementor-element elementor-element-06e6291 elementor-widget elementor-widget-heading\" data-id=\"06e6291\" data-element_type=\"widget\" data-widget_type=\"heading.default\">\n\t\t\t\t<div class=\"elementor-widget-container\">\n\t\t\t\t\t<h2 class=\"elementor-heading-title elementor-size-default\">PARTNER<\/h2>\t\t\t\t<\/div>\n\t\t\t\t<\/div>\n\t\t\t\t\t<\/div>\n\t\t<\/div>\n\t\t\t\t\t<\/div>\n\t\t<\/section>\n\t\t\t\t<section class=\"elementor-section elementor-top-section elementor-element elementor-element-88ee453 elementor-section-boxed elementor-section-height-default elementor-section-height-default\" data-id=\"88ee453\" data-element_type=\"section\">\n\t\t\t\t\t\t<div class=\"elementor-container elementor-column-gap-default\">\n\t\t\t\t\t<div class=\"elementor-column elementor-col-33 elementor-top-column elementor-element elementor-element-ff947de\" data-id=\"ff947de\" data-element_type=\"column\">\n\t\t\t<div class=\"elementor-widget-wrap elementor-element-populated\">\n\t\t\t\t\t\t<div class=\"elementor-element elementor-element-5871668 elementor-widget elementor-widget-image\" data-id=\"5871668\" data-element_type=\"widget\" data-widget_type=\"image.default\">\n\t\t\t\t<div class=\"elementor-widget-container\">\n\t\t\t\t\t\t\t\t\t\t\t\t\t\t\t\t<a href=\"https:\/\/www.leadershapeglobal.com\" rel=\"nofollow noopener\" target=\"_blank\">\n\t\t\t\t\t\t\t<img fetchpriority=\"high\" decoding=\"async\" width=\"1024\" height=\"405\" src=\"https:\/\/www.berlin-factory.com\/wp-content\/uploads\/2019\/05\/LS-Global-FC-strap-1024x405.jpg\" class=\"attachment-large size-large wp-image-479\" alt=\"LeaderShape logo\" srcset=\"https:\/\/www.berlin-factory.com\/wp-content\/uploads\/2019\/05\/LS-Global-FC-strap-1024x405.jpg 1024w, https:\/\/www.berlin-factory.com\/wp-content\/uploads\/2019\/05\/LS-Global-FC-strap-300x119.jpg 300w, https:\/\/www.berlin-factory.com\/wp-content\/uploads\/2019\/05\/LS-Global-FC-strap-768x304.jpg 768w, https:\/\/www.berlin-factory.com\/wp-content\/uploads\/2019\/05\/LS-Global-FC-strap.jpg 1374w\" sizes=\"(max-width: 1024px) 100vw, 1024px\" \/>\t\t\t\t\t\t\t\t<\/a>\n\t\t\t\t\t\t\t\t\t\t\t\t\t\t\t<\/div>\n\t\t\t\t<\/div>\n\t\t\t\t\t<\/div>\n\t\t<\/div>\n\t\t\t\t<div class=\"elementor-column elementor-col-66 elementor-top-column elementor-element elementor-element-a5db881\" data-id=\"a5db881\" data-element_type=\"column\">\n\t\t\t<div class=\"elementor-widget-wrap elementor-element-populated\">\n\t\t\t\t\t\t<div class=\"elementor-element elementor-element-368e02d elementor-widget elementor-widget-text-editor\" data-id=\"368e02d\" data-element_type=\"widget\" data-widget_type=\"text-editor.default\">\n\t\t\t\t<div class=\"elementor-widget-container\">\n\t\t\t\t\t\t\t\t\t<p>Bei <strong>LeaderShape<\/strong> entwickeln wir F\u00fchrungskr\u00e4fte auf eine v\u00f6llig neue Art und Weise. Mit Hilfe modernster Blended Learning-Methodik geht die Entwicklungsreise von der Bewusstseinsbildung \u00fcber das Lernen von Emotionalisierung bis hin zur Entwicklung leistungssteigernder Verhaltensweisen und Kulturen. Es folgt das Lernen, Werte in das Voll-Bewusstsein zu bringen, das Ego zu managen und zu verstehen, wie man die besten Entscheidungen und Entscheidungen trifft. Im Wesentlichen geht es darum, dass F\u00fchrungskr\u00e4fte ihr eigenes Gehirn proaktiv neugliedern &#8211; sich selbst verbessern &#8211; als Vorl\u00e4ufer und Priorit\u00e4t vor der Ver\u00e4nderung ihrer Organisation, ihrer Menschen und der Welt.<\/p><p><span style=\"font-size: 15px;\">Wir glauben an das Potenzial, dass jeder Einzelne der beste Leader werden kann, der er sein kann. Um Ihnen zu helfen, die Vision Ihres Unternehmens zu verwirklichen, verfolgen wir einen Ansatz, der ausschlie\u00dflich auf Zusammenarbeit ausgerichtet ist. Wir arbeiten nicht an Ihnen, wir arbeiten mit Ihnen zusammen, um eine nachhaltige, gemessene und organisatorische Leistungssteigerung zu erzielen. Wir tun dies durch die Entwicklung von Menschen, damit sie ihre F\u00fchrung als etwas sehen, das \u00fcber ihr Ego hinausgeht und im Interesse aller Interessengruppen des Unternehmens liegt. Unser Ansatz konzentriert sich auf das praktische &#8222;how tos&#8220;, das es Ihnen erm\u00f6glicht,&#8230;.<\/span><\/p><ul><li><span style=\"font-size: 15px;\">Einbettung von authentischen, ethischen Verhaltensweisen in die DNA des Unternehmens<\/span><\/li><li>Aufbau starker, kooperativer Beziehungen<\/li><li><span style=\"font-size: 15px;\">Eine leistungssteigernde Kultur schaffen<br \/><\/span><span style=\"font-size: 15px;\"><br \/><\/span><span style=\"font-size: 15px;\">&#8230;wir nennen das <strong>Transpersonal Leadership<\/strong><\/span><\/li><\/ul>\t\t\t\t\t\t\t\t<\/div>\n\t\t\t\t<\/div>\n\t\t\t\t\t<\/div>\n\t\t<\/div>\n\t\t\t\t\t<\/div>\n\t\t<\/section>\n\t\t\t\t<section class=\"elementor-section elementor-top-section elementor-element elementor-element-c6d446b elementor-section-boxed elementor-section-height-default elementor-section-height-default\" data-id=\"c6d446b\" data-element_type=\"section\">\n\t\t\t\t\t\t<div class=\"elementor-container elementor-column-gap-default\">\n\t\t\t\t\t<div class=\"elementor-column elementor-col-33 elementor-top-column elementor-element elementor-element-459f49d\" data-id=\"459f49d\" data-element_type=\"column\">\n\t\t\t<div class=\"elementor-widget-wrap elementor-element-populated\">\n\t\t\t\t\t\t<div class=\"elementor-element elementor-element-910233f elementor-widget elementor-widget-image\" data-id=\"910233f\" data-element_type=\"widget\" data-widget_type=\"image.default\">\n\t\t\t\t<div class=\"elementor-widget-container\">\n\t\t\t\t\t\t\t\t\t\t\t\t\t\t\t\t<a href=\"https:\/\/www.afnb-international.com\" rel=\"nofollow noopener\" target=\"_blank\">\n\t\t\t\t\t\t\t<img decoding=\"async\" width=\"300\" height=\"68\" src=\"https:\/\/www.berlin-factory.com\/wp-content\/uploads\/2014\/10\/Logo-300.jpg\" class=\"attachment-large size-large wp-image-275\" alt=\"AFNB Logo klein\" \/>\t\t\t\t\t\t\t\t<\/a>\n\t\t\t\t\t\t\t\t\t\t\t\t\t\t\t<\/div>\n\t\t\t\t<\/div>\n\t\t\t\t\t<\/div>\n\t\t<\/div>\n\t\t\t\t<div class=\"elementor-column elementor-col-66 elementor-top-column elementor-element elementor-element-3dc0ae3\" data-id=\"3dc0ae3\" data-element_type=\"column\">\n\t\t\t<div class=\"elementor-widget-wrap elementor-element-populated\">\n\t\t\t\t\t\t<div class=\"elementor-element elementor-element-99d4b7d elementor-widget elementor-widget-text-editor\" data-id=\"99d4b7d\" data-element_type=\"widget\" data-widget_type=\"text-editor.default\">\n\t\t\t\t<div class=\"elementor-widget-container\">\n\t\t\t\t\t\t\t\t\t<p style=\"font-size: 16px; font-style: normal;\">Mit der Akademie f\u00fcr neurowissenschaftliches Bildungsmanagement habe ich einen Partner mit hohem Qualit\u00e4tsanspruch f\u00fcr die Verbreitung von neuesten Erkenntnissen der Neurowissenschaften gefunden.<\/p>\n<p style=\"font-size: 16px; font-style: normal;\">Mitglieder der Akademie k\u00f6nnen umfassende und hochwertige Leistungen f\u00fcr ihre eigenen Ma\u00dfnahmen nutzen, zum Beispiel hochwertige Pr\u00e4sentationen in verschiedenen Formaten.<\/p>\n<p style=\"font-size: 16px; font-style: normal;\">Einmal im Jahr k\u00f6nnen sie in einem Wissenschaftsforum teilnehmen, wo sie Wissen von den namhaftesten und bekanntesten Neurowissenschaftlern unserer Zeit erhalten.<\/p>\n<p style=\"margin-bottom: 1.4em; font-size: 16px; font-style: normal;\">Die Erkenntnisse helfen bei der nachhaltigen Unternehmensf\u00fchrung, in der Weiterentwicklung von F\u00fchrungsverhalten, Zusammenarbeit im Team und in der Pers\u00f6nlichkeitsentwicklung.<\/p>\n<p style=\"margin-bottom: 1.4em; font-size: 16px; font-style: normal;\"><span style=\"font-size: 16px; font-style: normal; font-variant-caps: normal; color: #ffffff; font-family: helvetica-w01-light, helvetica-w02-light, sans-serif; font-variant-ligatures: normal; orphans: 2; text-align: center; widows: 2;\n\"><iframe src=\"https:\/\/www.youtube.com\/embed\/KO9o6LZmuhA\" width=\"640\" height=\"360\" frameborder=\"0\" allowfullscreen=\"allowfullscreen\"><\/iframe><\/span><\/p>\n<p style=\"margin-bottom: 1.4em; font-size: 16px; font-style: normal;\"><span style=\"font-size: 16px; font-style: normal; font-variant-caps: normal; color: #ffffff; font-family: helvetica-w01-light, helvetica-w02-light, sans-serif; font-variant-ligatures: normal; orphans: 2; text-align: center; widows: 2;\">\u00a0<\/span><\/p>\t\t\t\t\t\t\t\t<\/div>\n\t\t\t\t<\/div>\n\t\t\t\t\t<\/div>\n\t\t<\/div>\n\t\t\t\t\t<\/div>\n\t\t<\/section>\n\t\t\t\t<section class=\"elementor-section elementor-top-section elementor-element elementor-element-5cac6f3 elementor-section-boxed elementor-section-height-default elementor-section-height-default\" data-id=\"5cac6f3\" data-element_type=\"section\">\n\t\t\t\t\t\t<div class=\"elementor-container elementor-column-gap-default\">\n\t\t\t\t\t<div class=\"elementor-column elementor-col-33 elementor-top-column elementor-element elementor-element-d2b7d31\" data-id=\"d2b7d31\" data-element_type=\"column\">\n\t\t\t<div class=\"elementor-widget-wrap elementor-element-populated\">\n\t\t\t\t\t\t<div class=\"elementor-element elementor-element-03e1f1c elementor-widget elementor-widget-image\" data-id=\"03e1f1c\" data-element_type=\"widget\" data-widget_type=\"image.default\">\n\t\t\t\t<div class=\"elementor-widget-container\">\n\t\t\t\t\t\t\t\t\t\t\t\t\t\t\t\t<a href=\"https:\/\/www.positiv-factory.de\" rel=\"nofollow noopener\" target=\"_blank\">\n\t\t\t\t\t\t\t<img decoding=\"async\" width=\"480\" height=\"160\" src=\"https:\/\/www.berlin-factory.com\/wp-content\/uploads\/2015\/03\/pf-logo_neu.jpg\" class=\"attachment-large size-large wp-image-411\" alt=\"PF Logo\" srcset=\"https:\/\/www.berlin-factory.com\/wp-content\/uploads\/2015\/03\/pf-logo_neu.jpg 480w, https:\/\/www.berlin-factory.com\/wp-content\/uploads\/2015\/03\/pf-logo_neu-300x100.jpg 300w\" sizes=\"(max-width: 480px) 100vw, 480px\" \/>\t\t\t\t\t\t\t\t<\/a>\n\t\t\t\t\t\t\t\t\t\t\t\t\t\t\t<\/div>\n\t\t\t\t<\/div>\n\t\t\t\t\t<\/div>\n\t\t<\/div>\n\t\t\t\t<div class=\"elementor-column elementor-col-66 elementor-top-column elementor-element elementor-element-c41e003\" data-id=\"c41e003\" data-element_type=\"column\">\n\t\t\t<div class=\"elementor-widget-wrap elementor-element-populated\">\n\t\t\t\t\t\t<div class=\"elementor-element elementor-element-74d5264 elementor-widget elementor-widget-text-editor\" data-id=\"74d5264\" data-element_type=\"widget\" data-widget_type=\"text-editor.default\">\n\t\t\t\t<div class=\"elementor-widget-container\">\n\t\t\t\t\t\t\t\t\t<h2><b>s.e.i. Methode nach Dieter M. H\u00f6rner<\/b><\/h2><p>s.e.i. \u00ae steht f\u00fcr &#8222;spiritual-emotional-integration&#8220; und wurde 1996 als pers\u00f6nlichkeits- und bewusstseins-bildendes Programm von dem deutschen Pers\u00f6nlichkeitstrainer Dieter M. H\u00f6rner entwickelt.<\/p><p>&#8222;Unsere jahrelange Erfahrung als Pers\u00f6nlichkeitstrainer in Hunderten von Seminaren hat uns gezeigt, ab welchem Zeitpunkt Menschen wirklich bereit sind, wichtige Entscheidungen voller Vertrauen aus eigener Kraft zu treffen:\u00a0Sobald Wissen emotionalisiert, das entsprechende Gef\u00fchl als Ressource integriert und die eigene innere Kraft entdeckt und akzeptiert wurde. &#8222;<\/p><p style=\"text-align: right;\">Dieter M. H\u00f6rner<br \/><a href=\"http:\/\/positiv-factory.com\/\" target=\"_blank\" rel=\"noopener nofollow\">positiv-factory.com<\/a><\/p><p>Deshalb ist f\u00fcr uns die Philosophie der <a href=\"http:\/\/positiv-factory.com\/\" target=\"_blank\" rel=\"noopener nofollow\">positv factory<\/a> die Grundlage der B<a href=\"https:\/\/berlin-factory.com\/\" target=\"_blank\" rel=\"noopener\">erlin Factory<\/a>.<br \/>Uns ist wichtig, dass alle Erwartungen, alle Ressourcen und alle W\u00fcnsche die du an dich selbst stellst nicht von uns vorgegeben oder forciert werden, sondern du sie selbst f\u00fchlst und integrierst, damit sie dir in deinem Alltag zur Verf\u00fcgung stehen.<\/p><p><span style=\"color: #fb0364;\">&#8222;Du brauchst keinen Lehrer, der dich beeinflusst, du brauchst einen Lehrer, der dich lehrt, dich nicht mehr beeinflussen zu lassen&#8220; (Dieter M. H\u00f6rner)<\/span><\/p>\t\t\t\t\t\t\t\t<\/div>\n\t\t\t\t<\/div>\n\t\t\t\t\t<\/div>\n\t\t<\/div>\n\t\t\t\t\t<\/div>\n\t\t<\/section>\n\t\t\t\t<section class=\"elementor-section elementor-top-section elementor-element elementor-element-72ea1c5 elementor-section-boxed elementor-section-height-default elementor-section-height-default\" data-id=\"72ea1c5\" data-element_type=\"section\">\n\t\t\t\t\t\t<div class=\"elementor-container elementor-column-gap-default\">\n\t\t\t\t\t<div class=\"elementor-column elementor-col-33 elementor-top-column elementor-element elementor-element-223c490\" data-id=\"223c490\" data-element_type=\"column\">\n\t\t\t<div class=\"elementor-widget-wrap elementor-element-populated\">\n\t\t\t\t\t\t<div class=\"elementor-element elementor-element-e4c0417 elementor-widget elementor-widget-image\" data-id=\"e4c0417\" data-element_type=\"widget\" data-widget_type=\"image.default\">\n\t\t\t\t<div class=\"elementor-widget-container\">\n\t\t\t\t\t\t\t\t\t\t\t\t<figure class=\"wp-caption\">\n\t\t\t\t\t\t\t\t\t\t\t<a href=\"https:\/\/www.david-ulbrich.com\" rel=\"nofollow noopener\" target=\"_blank\">\n\t\t\t\t\t\t\t<img loading=\"lazy\" decoding=\"async\" width=\"393\" height=\"389\" src=\"https:\/\/www.berlin-factory.com\/wp-content\/uploads\/2019\/06\/0d41d06a-abde-4704-9980-f2f298410554.jpg\" class=\"attachment-large size-large wp-image-973\" alt=\"Nicole David-Ulbrich\" srcset=\"https:\/\/www.berlin-factory.com\/wp-content\/uploads\/2019\/06\/0d41d06a-abde-4704-9980-f2f298410554.jpg 393w, https:\/\/www.berlin-factory.com\/wp-content\/uploads\/2019\/06\/0d41d06a-abde-4704-9980-f2f298410554-300x297.jpg 300w\" sizes=\"(max-width: 393px) 100vw, 393px\" \/>\t\t\t\t\t\t\t\t<\/a>\n\t\t\t\t\t\t\t\t\t\t\t<figcaption class=\"widget-image-caption wp-caption-text\">Nicole David-Ulbrich<\/figcaption>\n\t\t\t\t\t\t\t\t\t\t<\/figure>\n\t\t\t\t\t\t\t\t\t<\/div>\n\t\t\t\t<\/div>\n\t\t\t\t\t<\/div>\n\t\t<\/div>\n\t\t\t\t<div class=\"elementor-column elementor-col-66 elementor-top-column elementor-element elementor-element-401dacb\" data-id=\"401dacb\" data-element_type=\"column\">\n\t\t\t<div class=\"elementor-widget-wrap elementor-element-populated\">\n\t\t\t\t\t\t<div class=\"elementor-element elementor-element-20431c5 elementor-widget elementor-widget-text-editor\" data-id=\"20431c5\" data-element_type=\"widget\" data-widget_type=\"text-editor.default\">\n\t\t\t\t<div class=\"elementor-widget-container\">\n\t\t\t\t\t\t\t\t\t<p><span style=\"color: #333333; font-family: Verdana, Geneva, sans-serif; font-size: 17px;\">Vertriebsentertainer und Business Coach<\/span><\/p><p><span class=\"wysiwyg-font-size-large\"><b>Kommunikation<\/b><\/span><br \/>Eigentlich k\u00f6nnen wir alle reden. Irgendwie. Und dennoch ist mangelnde Kommunikationskompetenz die Hauptursache f\u00fcr Missverst\u00e4ndnisse, f\u00fcr schlechte Stimmung, f\u00fcr Mobbing, ja, sogar f\u00fcr echte Unternehmensverluste, die sich in Bilanzen niederschlagen.<\/p><p>Und Kommunikation ist nur ein Teil der Soft Skills, die wir tagt\u00e4glich ben\u00f6tigen, um effzient und effektiv unterwegs zu sein. Unser Leistungsverm\u00f6gen ist ma\u00dfgeblich davon abh\u00e4ngig, ob wir uns in unserem Umfeld gut f\u00fchlen. Ganz subjektiv.<\/p><p>Und was denken Sie? Inwiefern lohnt es sich, hierin Zeit und Geld zu investieren?<\/p>\t\t\t\t\t\t\t\t<\/div>\n\t\t\t\t<\/div>\n\t\t\t\t\t<\/div>\n\t\t<\/div>\n\t\t\t\t\t<\/div>\n\t\t<\/section>\n\t\t\t\t<section class=\"elementor-section elementor-top-section elementor-element elementor-element-d38098b elementor-section-boxed elementor-section-height-default elementor-section-height-default\" data-id=\"d38098b\" data-element_type=\"section\">\n\t\t\t\t\t\t<div class=\"elementor-container elementor-column-gap-default\">\n\t\t\t\t\t<div class=\"elementor-column elementor-col-33 elementor-top-column elementor-element elementor-element-452ab0e\" data-id=\"452ab0e\" data-element_type=\"column\">\n\t\t\t<div class=\"elementor-widget-wrap elementor-element-populated\">\n\t\t\t\t\t\t<div class=\"elementor-element elementor-element-9aba62f elementor-widget elementor-widget-spacer\" data-id=\"9aba62f\" data-element_type=\"widget\" data-widget_type=\"spacer.default\">\n\t\t\t\t<div class=\"elementor-widget-container\">\n\t\t\t\t\t\t\t<div class=\"elementor-spacer\">\n\t\t\t<div class=\"elementor-spacer-inner\"><\/div>\n\t\t<\/div>\n\t\t\t\t\t\t<\/div>\n\t\t\t\t<\/div>\n\t\t\t\t<div class=\"elementor-element elementor-element-6d84752 elementor-widget elementor-widget-image\" data-id=\"6d84752\" data-element_type=\"widget\" data-widget_type=\"image.default\">\n\t\t\t\t<div class=\"elementor-widget-container\">\n\t\t\t\t\t\t\t\t\t\t\t\t<figure class=\"wp-caption\">\n\t\t\t\t\t\t\t\t\t\t\t<a href=\"https:\/\/www.vuca-beratung.com\" rel=\"nofollow noopener\" target=\"_blank\">\n\t\t\t\t\t\t\t<img loading=\"lazy\" decoding=\"async\" width=\"768\" height=\"817\" src=\"https:\/\/www.berlin-factory.com\/wp-content\/uploads\/2022\/09\/310e4845-6eb2-44bf-984a-ffaeb5d7ec62.jpg-768x817.webp\" class=\"attachment-medium_large size-medium_large wp-image-1624\" alt=\"Thomas Moser\" srcset=\"https:\/\/www.berlin-factory.com\/wp-content\/uploads\/2022\/09\/310e4845-6eb2-44bf-984a-ffaeb5d7ec62.jpg-768x817.webp 768w, https:\/\/www.berlin-factory.com\/wp-content\/uploads\/2022\/09\/310e4845-6eb2-44bf-984a-ffaeb5d7ec62.jpg-282x300.webp 282w, https:\/\/www.berlin-factory.com\/wp-content\/uploads\/2022\/09\/310e4845-6eb2-44bf-984a-ffaeb5d7ec62.jpg-963x1024.webp 963w, https:\/\/www.berlin-factory.com\/wp-content\/uploads\/2022\/09\/310e4845-6eb2-44bf-984a-ffaeb5d7ec62.jpg-1444x1536.webp 1444w, https:\/\/www.berlin-factory.com\/wp-content\/uploads\/2022\/09\/310e4845-6eb2-44bf-984a-ffaeb5d7ec62.jpg.webp 1504w\" sizes=\"(max-width: 768px) 100vw, 768px\" \/>\t\t\t\t\t\t\t\t<\/a>\n\t\t\t\t\t\t\t\t\t\t\t<figcaption class=\"widget-image-caption wp-caption-text\">Thomas F. Moser<\/figcaption>\n\t\t\t\t\t\t\t\t\t\t<\/figure>\n\t\t\t\t\t\t\t\t\t<\/div>\n\t\t\t\t<\/div>\n\t\t\t\t\t<\/div>\n\t\t<\/div>\n\t\t\t\t<div class=\"elementor-column elementor-col-66 elementor-top-column elementor-element elementor-element-29b497b\" data-id=\"29b497b\" data-element_type=\"column\">\n\t\t\t<div class=\"elementor-widget-wrap elementor-element-populated\">\n\t\t\t\t\t\t<div class=\"elementor-element elementor-element-ddfa5fe elementor-widget elementor-widget-image\" data-id=\"ddfa5fe\" data-element_type=\"widget\" data-widget_type=\"image.default\">\n\t\t\t\t<div class=\"elementor-widget-container\">\n\t\t\t\t\t\t\t\t\t\t\t\t\t\t\t\t<a href=\"https:\/\/www.vuca-beratung.com\" rel=\"nofollow noopener\" target=\"_blank\">\n\t\t\t\t\t\t\t<img loading=\"lazy\" decoding=\"async\" width=\"640\" height=\"198\" src=\"https:\/\/www.berlin-factory.com\/wp-content\/uploads\/2022\/09\/f42a1525-8e8a-4b23-8c4e-db686e6ed849.png-2.webp\" class=\"attachment-medium_large size-medium_large wp-image-1631\" alt=\"\" srcset=\"https:\/\/www.berlin-factory.com\/wp-content\/uploads\/2022\/09\/f42a1525-8e8a-4b23-8c4e-db686e6ed849.png-2.webp 640w, https:\/\/www.berlin-factory.com\/wp-content\/uploads\/2022\/09\/f42a1525-8e8a-4b23-8c4e-db686e6ed849.png-2-300x93.webp 300w\" sizes=\"(max-width: 640px) 100vw, 640px\" \/>\t\t\t\t\t\t\t\t<\/a>\n\t\t\t\t\t\t\t\t\t\t\t\t\t\t\t<\/div>\n\t\t\t\t<\/div>\n\t\t\t\t<div class=\"elementor-element elementor-element-d8cb5c6 elementor-widget elementor-widget-text-editor\" data-id=\"d8cb5c6\" data-element_type=\"widget\" data-widget_type=\"text-editor.default\">\n\t\t\t\t<div class=\"elementor-widget-container\">\n\t\t\t\t\t\t\t\t\t<h2 class=\"text-align-center\">VUCA oder BANI ? \u00a0 \u00a0 \u00a0 \u00a0\u00a0&#8222;Bahnhof&#8220;?<br \/>Warum brauchen SIE und IHR Unternehmen heute unsere Beratung?<\/h2><p class=\"text-align-center\">Der digitale, gesellschaftliche und wirtschaftliche Wandel l\u00f6st alte Technologien ab, macht gewohnte Wege unm\u00f6glich und bringt neue hervor.\u00a0<br \/>Diese Entwicklung schafft viele neue M\u00f6glichkeiten,\u00a0<br \/>birgt dennoch auch eine Menge Herausforderungen.\u00a0<br \/>T\u00e4glich kommen neue &#8222;Buzzwords&#8220;, Hypes, tod(!)sichere neue Methoden auf den Markt.\u00a0 Seien Sie vorsichtig. Umso mehr:<\/p><p>Die neuen Zeiten bringen unfassbar schnellere umfassendere Ver\u00e4nderungen als wir gewohnt und bereit daf\u00fcr sind. Daher ben\u00f6tigen Sie unsere Begleitung!<br \/>Denn wir bieten Ihnen die notwendigen Hilfen: organisatorisch, psychisch, methodisch und betriebswirtschaftlich!<\/p>\t\t\t\t\t\t\t\t<\/div>\n\t\t\t\t<\/div>\n\t\t\t\t\t<\/div>\n\t\t<\/div>\n\t\t\t\t\t<\/div>\n\t\t<\/section>\n\t\t\t\t<\/div>\n\t\t","protected":false},"excerpt":{"rendered":"<p>PARTNER Bei LeaderShape entwickeln wir F\u00fchrungskr\u00e4fte auf eine v\u00f6llig neue Art und Weise. Mit Hilfe modernster Blended Learning-Methodik geht die Entwicklungsreise von der Bewusstseinsbildung \u00fcber das Lernen von Emotionalisierung bis hin zur Entwicklung leistungssteigernder Verhaltensweisen und Kulturen. Es folgt das Lernen, Werte in das Voll-Bewusstsein zu bringen, das Ego zu managen und zu verstehen, wie [&hellip;]<\/p>\n","protected":false},"author":1,"featured_media":0,"parent":0,"menu_order":0,"comment_status":"closed","ping_status":"closed","template":"","meta":{"ocean_post_layout":"full-screen","ocean_both_sidebars_style":"","ocean_both_sidebars_content_width":0,"ocean_both_sidebars_sidebars_width":0,"ocean_sidebar":"0","ocean_second_sidebar":"0","ocean_disable_margins":"enable","ocean_add_body_class":"","ocean_shortcode_before_top_bar":"","ocean_shortcode_after_top_bar":"","ocean_shortcode_before_header":"","ocean_shortcode_after_header":"","ocean_has_shortcode":"","ocean_shortcode_after_title":"","ocean_shortcode_before_footer_widgets":"","ocean_shortcode_after_footer_widgets":"","ocean_shortcode_before_footer_bottom":"","ocean_shortcode_after_footer_bottom":"","ocean_display_top_bar":"default","ocean_display_header":"default","ocean_header_style":"","ocean_center_header_left_menu":"0","ocean_custom_header_template":"0","ocean_custom_logo":0,"ocean_custom_retina_logo":0,"ocean_custom_logo_max_width":0,"ocean_custom_logo_tablet_max_width":0,"ocean_custom_logo_mobile_max_width":0,"ocean_custom_logo_max_height":0,"ocean_custom_logo_tablet_max_height":0,"ocean_custom_logo_mobile_max_height":0,"ocean_header_custom_menu":"0","ocean_menu_typo_font_family":"0","ocean_menu_typo_font_subset":"","ocean_menu_typo_font_size":0,"ocean_menu_typo_font_size_tablet":0,"ocean_menu_typo_font_size_mobile":0,"ocean_menu_typo_font_size_unit":"px","ocean_menu_typo_font_weight":"","ocean_menu_typo_font_weight_tablet":"","ocean_menu_typo_font_weight_mobile":"","ocean_menu_typo_transform":"","ocean_menu_typo_transform_tablet":"","ocean_menu_typo_transform_mobile":"","ocean_menu_typo_line_height":0,"ocean_menu_typo_line_height_tablet":0,"ocean_menu_typo_line_height_mobile":0,"ocean_menu_typo_line_height_unit":"","ocean_menu_typo_spacing":0,"ocean_menu_typo_spacing_tablet":0,"ocean_menu_typo_spacing_mobile":0,"ocean_menu_typo_spacing_unit":"","ocean_menu_link_color":"","ocean_menu_link_color_hover":"","ocean_menu_link_color_active":"","ocean_menu_link_background":"","ocean_menu_link_hover_background":"","ocean_menu_link_active_background":"","ocean_menu_social_links_bg":"","ocean_menu_social_hover_links_bg":"","ocean_menu_social_links_color":"","ocean_menu_social_hover_links_color":"","ocean_disable_title":"default","ocean_disable_heading":"default","ocean_post_title":"","ocean_post_subheading":"","ocean_post_title_style":"","ocean_post_title_background_color":"","ocean_post_title_background":0,"ocean_post_title_bg_image_position":"","ocean_post_title_bg_image_attachment":"","ocean_post_title_bg_image_repeat":"","ocean_post_title_bg_image_size":"","ocean_post_title_height":0,"ocean_post_title_bg_overlay":0.5,"ocean_post_title_bg_overlay_color":"","ocean_disable_breadcrumbs":"default","ocean_breadcrumbs_color":"","ocean_breadcrumbs_separator_color":"","ocean_breadcrumbs_links_color":"","ocean_breadcrumbs_links_hover_color":"","ocean_display_footer_widgets":"default","ocean_display_footer_bottom":"default","ocean_custom_footer_template":"0","ofc_meta_disable_footer_callout":"","ofc_meta_callout_button_url":"","ofc_meta_callout_button_txt":"","ofc_meta_callout_text":"","ofc_enable_fullscreen":"disable","ofc_fullscreen_speed":0,"ofc_fullscreen_nav":"enable","ofc_fullscreen_nav_pos":"right","ofc_fullscreen_nav_color":"","ofc_fullscreen_nav_tooltip_color":"","ofc_fullscreen_responsive":0,"osp_disable_panel":"default","osh_disable_topbar_sticky":"default","osh_disable_header_sticky":"default","osh_sticky_header_style":"default","osh_sticky_header_effect":"","osh_custom_sticky_logo":0,"osh_custom_retina_sticky_logo":0,"osh_custom_sticky_logo_height":0,"osh_background_color":"","osh_links_color":"","osh_links_hover_color":"","osh_links_active_color":"","osh_links_bg_color":"","osh_links_hover_bg_color":"","osh_links_active_bg_color":"","osh_menu_social_links_color":"","osh_menu_social_hover_links_color":"","footnotes":""},"class_list":["post-375","page","type-page","status-publish","hentry","entry"],"_links":{"self":[{"href":"https:\/\/www.berlin-factory.com\/index.php?rest_route=\/wp\/v2\/pages\/375","targetHints":{"allow":["GET"]}}],"collection":[{"href":"https:\/\/www.berlin-factory.com\/index.php?rest_route=\/wp\/v2\/pages"}],"about":[{"href":"https:\/\/www.berlin-factory.com\/index.php?rest_route=\/wp\/v2\/types\/page"}],"author":[{"embeddable":true,"href":"https:\/\/www.berlin-factory.com\/index.php?rest_route=\/wp\/v2\/users\/1"}],"replies":[{"embeddable":true,"href":"https:\/\/www.berlin-factory.com\/index.php?rest_route=%2Fwp%2Fv2%2Fcomments&post=375"}],"version-history":[{"count":79,"href":"https:\/\/www.berlin-factory.com\/index.php?rest_route=\/wp\/v2\/pages\/375\/revisions"}],"predecessor-version":[{"id":1664,"href":"https:\/\/www.berlin-factory.com\/index.php?rest_route=\/wp\/v2\/pages\/375\/revisions\/1664"}],"wp:attachment":[{"href":"https:\/\/www.berlin-factory.com\/index.php?rest_route=%2Fwp%2Fv2%2Fmedia&parent=375"}],"curies":[{"name":"wp","href":"https:\/\/api.w.org\/{rel}","templated":true}]}}